{"id":800,"date":"2019-02-08T10:17:24","date_gmt":"2019-02-08T16:17:24","guid":{"rendered":"https:\/\/leadmarketing.com.mx\/?post_type=product&#038;p=800"},"modified":"2025-05-25T06:30:41","modified_gmt":"2025-05-25T12:30:41","slug":"package-find","status":"publish","type":"product","link":"https:\/\/leadmarketing.com.mx\/en\/product\/package-find\/","title":{"rendered":"Find Package"},"content":{"rendered":"<p>Creation of 1 advertising campaign in accordance with the objective set out in the Business Consulting, (you only have to worry about telling us what service or product you want to offer this 14th and let the magic happen)<br \/>\n1 Design created by experts in graphic design and digital marketing for your business (impactful, memorable)<br \/>\nCopy created by a creative department (one that actually converts)<br \/>\nCampaign Performance Report<\/p>","protected":false},"excerpt":{"rendered":"<p>Creation of 1 advertising campaign in accordance with the objective set out in the Business Consulting, (you only have to worry about telling us what service or product you want to offer this 14th and let the magic happen)<br \/>\n1 Design created by experts in graphic design and digital marketing for your business (impactful, memorable)<br \/>\nCopy created by a creative department (one that actually converts)<br \/>\nCampaign Performance Report<\/p>","protected":false},"featured_media":801,"comment_status":"open","ping_status":"closed","template":"","meta":[],"product_cat":[27],"product_tag":[],"class_list":["post-800","product","type-product","status-publish","has-post-thumbnail","hentry","product_cat-redes-sociales"],"yoast_head":"<!-- This site is optimized with the Yoast SEO Premium plugin v20.4 (Yoast SEO v20.9) - https:\/\/yoast.com\/wordpress\/plugins\/seo\/ -->\n<title>Paquete Encuentren | Lead Marketing agencia publicidad<\/title>\n<meta name=\"robots\" content=\"index, follow, max-snippet:-1, max-image-preview:large, max-video-preview:-1\" \/>\n<link rel=\"canonical\" href=\"https:\/\/leadmarketing.com.mx\/en\/product\/package-find\/\" \/>\n<meta property=\"og:locale\" content=\"en_US\" \/>\n<meta property=\"og:type\" content=\"article\" \/>\n<meta property=\"og:title\" content=\"Paquete Encuentren\" \/>\n<meta property=\"og:description\" content=\"Creaci\u00f3n de 1 Campa\u00f1a publicitaria acorde al objetivo planteado en la Consultor\u00eda de Negocio, (solo te preocupas por decirnos qu\u00e9 servicio o producto deseas ofertar este 14 y dejar que la magia se haga) 1 Dise\u00f1o elaborado por expertos en Dise\u00f1o gr\u00e1fico y marketing digital para tu negocio (impactante, memorable) Copy elaborado por departamento creativo (uno que si convierta) Reporte de rendimiento de la campa\u00f1a\" \/>\n<meta property=\"og:url\" content=\"https:\/\/leadmarketing.com.mx\/en\/product\/package-find\/\" \/>\n<meta property=\"og:site_name\" content=\"Lead Marketing agencia publicidad\" \/>\n<meta property=\"article:publisher\" content=\"https:\/\/www.facebook.com\/LeadMarketingMx\/\" \/>\n<meta property=\"article:modified_time\" content=\"2025-05-25T12:30:41+00:00\" \/>\n<meta property=\"og:image\" content=\"https:\/\/leadmarketing.com.mx\/wp-content\/uploads\/2019\/02\/Paqueteencuentren-Lead.jpeg\" \/>\n\t<meta property=\"og:image:width\" content=\"860\" \/>\n\t<meta property=\"og:image:height\" content=\"860\" \/>\n\t<meta property=\"og:image:type\" content=\"image\/jpeg\" \/>\n<meta name=\"twitter:card\" content=\"summary_large_image\" \/>\n<script type=\"application\/ld+json\" class=\"yoast-schema-graph\">{\"@context\":\"https:\/\/schema.org\",\"@graph\":[{\"@type\":\"WebPage\",\"@id\":\"https:\/\/leadmarketing.com.mx\/producto\/paquete-encuentren\/\",\"url\":\"https:\/\/leadmarketing.com.mx\/producto\/paquete-encuentren\/\",\"name\":\"Paquete Encuentren | Lead Marketing agencia publicidad\",\"isPartOf\":{\"@id\":\"https:\/\/leadmarketing.com.mx\/#website\"},\"datePublished\":\"2019-02-08T16:17:24+00:00\",\"dateModified\":\"2025-05-25T12:30:41+00:00\",\"breadcrumb\":{\"@id\":\"https:\/\/leadmarketing.com.mx\/producto\/paquete-encuentren\/#breadcrumb\"},\"inLanguage\":\"en-US\",\"potentialAction\":[{\"@type\":\"ReadAction\",\"target\":[\"https:\/\/leadmarketing.com.mx\/producto\/paquete-encuentren\/\"]}]},{\"@type\":\"BreadcrumbList\",\"@id\":\"https:\/\/leadmarketing.com.mx\/producto\/paquete-encuentren\/#breadcrumb\",\"itemListElement\":[{\"@type\":\"ListItem\",\"position\":1,\"name\":\"Inicio\",\"item\":\"https:\/\/leadmarketing.com.mx\/\"},{\"@type\":\"ListItem\",\"position\":2,\"name\":\"Tienda\",\"item\":\"https:\/\/leadmarketing.com.mx\/tienda\/\"},{\"@type\":\"ListItem\",\"position\":3,\"name\":\"Paquete Encuentren\"}]},{\"@type\":\"WebSite\",\"@id\":\"https:\/\/leadmarketing.com.mx\/#website\",\"url\":\"https:\/\/leadmarketing.com.mx\/\",\"name\":\"Lead Marketing agencia publicidad\",\"description\":\"Agencia de marketing, Noticias en mexico\",\"publisher\":{\"@id\":\"https:\/\/leadmarketing.com.mx\/#organization\"},\"potentialAction\":[{\"@type\":\"SearchAction\",\"target\":{\"@type\":\"EntryPoint\",\"urlTemplate\":\"https:\/\/leadmarketing.com.mx\/?s={search_term_string}\"},\"query-input\":\"required name=search_term_string\"}],\"inLanguage\":\"en-US\"},{\"@type\":\"Organization\",\"@id\":\"https:\/\/leadmarketing.com.mx\/#organization\",\"name\":\"Lead Marketing\",\"url\":\"https:\/\/leadmarketing.com.mx\/\",\"logo\":{\"@type\":\"ImageObject\",\"inLanguage\":\"en-US\",\"@id\":\"https:\/\/leadmarketing.com.mx\/#\/schema\/logo\/image\/\",\"url\":\"https:\/\/leadmarketing.com.mx\/wp-content\/uploads\/2019\/02\/Logo-1.png\",\"contentUrl\":\"https:\/\/leadmarketing.com.mx\/wp-content\/uploads\/2019\/02\/Logo-1.png\",\"width\":668,\"height\":373,\"caption\":\"Lead Marketing\"},\"image\":{\"@id\":\"https:\/\/leadmarketing.com.mx\/#\/schema\/logo\/image\/\"},\"sameAs\":[\"https:\/\/www.facebook.com\/LeadMarketingMx\/\",\"https:\/\/www.instagram.com\/leadmarketingmx\/\",\"https:\/\/www.linkedin.com\/leadmarketingmx\"]}]}<\/script>\n<!-- \/ Yoast SEO Premium plugin. -->","yoast_head_json":{"title":"Paquete Encuentren | Lead Marketing agencia publicidad","robots":{"index":"index","follow":"follow","max-snippet":"max-snippet:-1","max-image-preview":"max-image-preview:large","max-video-preview":"max-video-preview:-1"},"canonical":"https:\/\/leadmarketing.com.mx\/en\/product\/package-find\/","og_locale":"en_US","og_type":"article","og_title":"Paquete Encuentren","og_description":"Creaci\u00f3n de 1 Campa\u00f1a publicitaria acorde al objetivo planteado en la Consultor\u00eda de Negocio, (solo te preocupas por decirnos qu\u00e9 servicio o producto deseas ofertar este 14 y dejar que la magia se haga) 1 Dise\u00f1o elaborado por expertos en Dise\u00f1o gr\u00e1fico y marketing digital para tu negocio (impactante, memorable) Copy elaborado por departamento creativo (uno que si convierta) Reporte de rendimiento de la campa\u00f1a","og_url":"https:\/\/leadmarketing.com.mx\/en\/product\/package-find\/","og_site_name":"Lead Marketing agencia publicidad","article_publisher":"https:\/\/www.facebook.com\/LeadMarketingMx\/","article_modified_time":"2025-05-25T12:30:41+00:00","og_image":[{"width":860,"height":860,"url":"https:\/\/leadmarketing.com.mx\/wp-content\/uploads\/2019\/02\/Paqueteencuentren-Lead.jpeg","type":"image\/jpeg"}],"twitter_card":"summary_large_image","schema":{"@context":"https:\/\/schema.org","@graph":[{"@type":"WebPage","@id":"https:\/\/leadmarketing.com.mx\/producto\/paquete-encuentren\/","url":"https:\/\/leadmarketing.com.mx\/producto\/paquete-encuentren\/","name":"Paquete Encuentren | Lead Marketing agencia publicidad","isPartOf":{"@id":"https:\/\/leadmarketing.com.mx\/#website"},"datePublished":"2019-02-08T16:17:24+00:00","dateModified":"2025-05-25T12:30:41+00:00","breadcrumb":{"@id":"https:\/\/leadmarketing.com.mx\/producto\/paquete-encuentren\/#breadcrumb"},"inLanguage":"en-US","potentialAction":[{"@type":"ReadAction","target":["https:\/\/leadmarketing.com.mx\/producto\/paquete-encuentren\/"]}]},{"@type":"BreadcrumbList","@id":"https:\/\/leadmarketing.com.mx\/producto\/paquete-encuentren\/#breadcrumb","itemListElement":[{"@type":"ListItem","position":1,"name":"Inicio","item":"https:\/\/leadmarketing.com.mx\/"},{"@type":"ListItem","position":2,"name":"Tienda","item":"https:\/\/leadmarketing.com.mx\/tienda\/"},{"@type":"ListItem","position":3,"name":"Paquete Encuentren"}]},{"@type":"WebSite","@id":"https:\/\/leadmarketing.com.mx\/#website","url":"https:\/\/leadmarketing.com.mx\/","name":"Lead Marketing agencia publicidad","description":"Agencia de marketing, Noticias en mexico","publisher":{"@id":"https:\/\/leadmarketing.com.mx\/#organization"},"potentialAction":[{"@type":"SearchAction","target":{"@type":"EntryPoint","urlTemplate":"https:\/\/leadmarketing.com.mx\/?s={search_term_string}"},"query-input":"required name=search_term_string"}],"inLanguage":"en-US"},{"@type":"Organization","@id":"https:\/\/leadmarketing.com.mx\/#organization","name":"Lead Marketing","url":"https:\/\/leadmarketing.com.mx\/","logo":{"@type":"ImageObject","inLanguage":"en-US","@id":"https:\/\/leadmarketing.com.mx\/#\/schema\/logo\/image\/","url":"https:\/\/leadmarketing.com.mx\/wp-content\/uploads\/2019\/02\/Logo-1.png","contentUrl":"https:\/\/leadmarketing.com.mx\/wp-content\/uploads\/2019\/02\/Logo-1.png","width":668,"height":373,"caption":"Lead Marketing"},"image":{"@id":"https:\/\/leadmarketing.com.mx\/#\/schema\/logo\/image\/"},"sameAs":["https:\/\/www.facebook.com\/LeadMarketingMx\/","https:\/\/www.instagram.com\/leadmarketingmx\/","https:\/\/www.linkedin.com\/leadmarketingmx"]}]}},"jetpack_sharing_enabled":true,"_links":{"self":[{"href":"https:\/\/leadmarketing.com.mx\/en\/wp-json\/wp\/v2\/product\/800","targetHints":{"allow":["GET"]}}],"collection":[{"href":"https:\/\/leadmarketing.com.mx\/en\/wp-json\/wp\/v2\/product"}],"about":[{"href":"https:\/\/leadmarketing.com.mx\/en\/wp-json\/wp\/v2\/types\/product"}],"replies":[{"embeddable":true,"href":"https:\/\/leadmarketing.com.mx\/en\/wp-json\/wp\/v2\/comments?post=800"}],"wp:featuredmedia":[{"embeddable":true,"href":"https:\/\/leadmarketing.com.mx\/en\/wp-json\/wp\/v2\/media\/801"}],"wp:attachment":[{"href":"https:\/\/leadmarketing.com.mx\/en\/wp-json\/wp\/v2\/media?parent=800"}],"wp:term":[{"taxonomy":"product_cat","embeddable":true,"href":"https:\/\/leadmarketing.com.mx\/en\/wp-json\/wp\/v2\/product_cat?post=800"},{"taxonomy":"product_tag","embeddable":true,"href":"https:\/\/leadmarketing.com.mx\/en\/wp-json\/wp\/v2\/product_tag?post=800"}],"curies":[{"name":"wp","href":"https:\/\/api.w.org\/{rel}","templated":true}]}}