{"id":7519,"date":"2022-03-25T12:45:16","date_gmt":"2022-03-25T18:45:16","guid":{"rendered":"https:\/\/leadmarketing.com.mx\/?post_type=product&#038;p=7519"},"modified":"2025-05-25T14:45:42","modified_gmt":"2025-05-25T20:45:42","slug":"business-plan","status":"publish","type":"product","link":"https:\/\/leadmarketing.com.mx\/en\/product\/business-plan\/","title":{"rendered":"Business Plan"},"content":{"rendered":"<div class=\"eapps-pricing-table-column-features-container eapps-pricing-table-column-item\"><\/p>\n<div class=\"eapps-pricing-table-column-features eapps-pricing-table-column-features-clean eapps-pricing-table-column-features-left\">\n<div class=\"eapps-pricing-table-column-features-item    eapps-pricing-table-column-features-item-with-icon\"><\/p>\n<div class=\"eapps-pricing-table-column-features-item-inner\"><span class=\"eapps-pricing-table-column-features-item-text\">Logo design<\/span><\/div>\n<\/div>\n<div class=\"eapps-pricing-table-column-features-item    eapps-pricing-table-column-features-item-with-icon\"><\/p>\n<div class=\"eapps-pricing-table-column-features-item-inner\"><span class=\"eapps-pricing-table-column-features-item-text\">2 Proposals<\/span><\/div>\n<\/div>\n<div class=\"eapps-pricing-table-column-features-item    eapps-pricing-table-column-features-item-with-icon\"><\/p>\n<div class=\"eapps-pricing-table-column-features-item-inner\"><span class=\"eapps-pricing-table-column-features-item-text\">2 Reviews<\/span><\/div>\n<\/div>\n<div class=\"eapps-pricing-table-column-features-item    eapps-pricing-table-column-features-item-with-icon\"><\/p>\n<div class=\"eapps-pricing-table-column-features-item-inner\"><span class=\"eapps-pricing-table-column-features-item-text\">We deliver your editable files and export all versions of your logo in color and negative .png format, ready for use.<\/span><\/div>\n<\/div>\n<div class=\"eapps-pricing-table-column-features-item    eapps-pricing-table-column-features-item-with-icon\"><\/p>\n<div class=\"eapps-pricing-table-column-features-item-inner\"><span class=\"eapps-pricing-table-column-features-item-text\">Fonts and colors<\/span><\/div>\n<\/div>\n<div class=\"eapps-pricing-table-column-features-item    eapps-pricing-table-column-features-item-with-icon\"><\/p>\n<div class=\"eapps-pricing-table-column-features-item-inner\">Identity manual, a document that encompasses everything about your brand. Typography, colors, usage, etc., is the bible of your brand.<\/div>\n<\/div>\n<div class=\"eapps-pricing-table-column-features-item    eapps-pricing-table-column-features-item-with-icon\"><\/p>\n<div class=\"eapps-pricing-table-column-features-item-inner\"><span class=\"eapps-pricing-table-column-features-item-text\">1 Application Choose between the design of your business cards, menu, t-shirt, email signature, letterheads or any other.<\/span><\/div>\n<\/div>\n<\/div>\n<\/div>\n<div class=\"eapps-pricing-table-column-price-container eapps-pricing-table-column-item\">\n<div class=\"eapps-pricing-table-column-price\"><\/div>\n<\/div>","protected":false},"excerpt":{"rendered":"<div class=\"eapps-pricing-table-column-features-container eapps-pricing-table-column-item\"><\/p>\n<div class=\"eapps-pricing-table-column-features eapps-pricing-table-column-features-clean eapps-pricing-table-column-features-left\">\n<div class=\"eapps-pricing-table-column-features-item    eapps-pricing-table-column-features-item-with-icon\"><\/p>\n<div class=\"eapps-pricing-table-column-features-item-inner\"><span class=\"eapps-pricing-table-column-features-item-text\">Logo design<\/span><\/div>\n<\/div>\n<div class=\"eapps-pricing-table-column-features-item    eapps-pricing-table-column-features-item-with-icon\"><\/p>\n<div class=\"eapps-pricing-table-column-features-item-inner\"><span class=\"eapps-pricing-table-column-features-item-text\">2 Proposals<\/span><\/div>\n<\/div>\n<div class=\"eapps-pricing-table-column-features-item    eapps-pricing-table-column-features-item-with-icon\"><\/p>\n<div class=\"eapps-pricing-table-column-features-item-inner\"><span class=\"eapps-pricing-table-column-features-item-text\">2 Reviews<\/span><\/div>\n<\/div>\n<div class=\"eapps-pricing-table-column-features-item    eapps-pricing-table-column-features-item-with-icon\"><\/p>\n<div class=\"eapps-pricing-table-column-features-item-inner\"><span class=\"eapps-pricing-table-column-features-item-text\">We deliver your editable files and export all versions of your logo in color and negative .png format, ready for use.<\/span><\/div>\n<\/div>\n<div class=\"eapps-pricing-table-column-features-item    eapps-pricing-table-column-features-item-with-icon\"><\/p>\n<div class=\"eapps-pricing-table-column-features-item-inner\"><span class=\"eapps-pricing-table-column-features-item-text\">Fonts and colors<\/span><\/div>\n<\/div>\n<div class=\"eapps-pricing-table-column-features-item    eapps-pricing-table-column-features-item-with-icon\"><\/p>\n<div class=\"eapps-pricing-table-column-features-item-inner\">Identity manual, a document that encompasses everything about your brand. Typography, colors, usage, etc., is the bible of your brand.<\/div>\n<\/div>\n<div class=\"eapps-pricing-table-column-features-item    eapps-pricing-table-column-features-item-with-icon\"><\/p>\n<div class=\"eapps-pricing-table-column-features-item-inner\"><span class=\"eapps-pricing-table-column-features-item-text\">1 Application Choose between the design of your business cards, menu, t-shirt, email signature, letterheads or any other.<\/span><\/div>\n<\/div>\n<\/div>\n<\/div>","protected":false},"featured_media":1302,"comment_status":"open","ping_status":"closed","template":"","meta":[],"product_cat":[145],"product_tag":[148,146,147],"class_list":["post-7519","product","type-product","status-publish","has-post-thumbnail","hentry","product_cat-identidad-corporativa","product_tag-branding","product_tag-diseno-de-logotipo","product_tag-marca"],"yoast_head":"<!-- This site is optimized with the Yoast SEO Premium plugin v20.4 (Yoast SEO v20.9) - https:\/\/yoast.com\/wordpress\/plugins\/seo\/ -->\n<title>Plan Negocio | Lead Marketing agencia publicidad<\/title>\n<meta name=\"robots\" content=\"index, follow, max-snippet:-1, max-image-preview:large, max-video-preview:-1\" \/>\n<link rel=\"canonical\" href=\"https:\/\/leadmarketing.com.mx\/en\/product\/business-plan\/\" \/>\n<meta property=\"og:locale\" content=\"en_US\" \/>\n<meta property=\"og:type\" content=\"article\" \/>\n<meta property=\"og:title\" content=\"Plan Negocio\" \/>\n<meta property=\"og:description\" content=\"Dise\u00f1o de logotipo   2 Propuestas   2 Revisiones   Te entregamos tus archivos editables y la exportaci\u00f3n de todas las versiones de tu logotipo a color y negativos en .png listas para su uso.   Tipograf\u00edas y colores   Manual de identidad, un un documento que engloba todo lo que es tu marca. Tipograf\u00eda, colores, usos etc es la biblia de tu marca.   1 Aplicativo Elige entre el dise\u00f1o de tus tarjetas de presentaci\u00f3n, men\u00fa, playera, firma de correo, membretes o alg\u00fan otro.\" \/>\n<meta property=\"og:url\" content=\"https:\/\/leadmarketing.com.mx\/en\/product\/business-plan\/\" \/>\n<meta property=\"og:site_name\" content=\"Lead Marketing agencia publicidad\" \/>\n<meta property=\"article:publisher\" content=\"https:\/\/www.facebook.com\/LeadMarketingMx\/\" \/>\n<meta property=\"article:modified_time\" content=\"2025-05-25T20:45:42+00:00\" \/>\n<meta property=\"og:image\" content=\"https:\/\/leadmarketing.com.mx\/wp-content\/uploads\/Dise\u00f1o-de-Imagen-corporativa-empresarial-logotipo.png\" \/>\n\t<meta property=\"og:image:width\" content=\"620\" \/>\n\t<meta property=\"og:image:height\" content=\"384\" \/>\n\t<meta property=\"og:image:type\" content=\"image\/png\" \/>\n<meta name=\"twitter:card\" content=\"summary_large_image\" \/>\n<script type=\"application\/ld+json\" class=\"yoast-schema-graph\">{\"@context\":\"https:\/\/schema.org\",\"@graph\":[{\"@type\":\"WebPage\",\"@id\":\"https:\/\/leadmarketing.com.mx\/producto\/plan-negocio\/\",\"url\":\"https:\/\/leadmarketing.com.mx\/producto\/plan-negocio\/\",\"name\":\"Plan Negocio | Lead Marketing agencia publicidad\",\"isPartOf\":{\"@id\":\"https:\/\/leadmarketing.com.mx\/#website\"},\"datePublished\":\"2022-03-25T18:45:16+00:00\",\"dateModified\":\"2025-05-25T20:45:42+00:00\",\"breadcrumb\":{\"@id\":\"https:\/\/leadmarketing.com.mx\/producto\/plan-negocio\/#breadcrumb\"},\"inLanguage\":\"en-US\",\"potentialAction\":[{\"@type\":\"ReadAction\",\"target\":[\"https:\/\/leadmarketing.com.mx\/producto\/plan-negocio\/\"]}]},{\"@type\":\"BreadcrumbList\",\"@id\":\"https:\/\/leadmarketing.com.mx\/producto\/plan-negocio\/#breadcrumb\",\"itemListElement\":[{\"@type\":\"ListItem\",\"position\":1,\"name\":\"Inicio\",\"item\":\"https:\/\/leadmarketing.com.mx\/\"},{\"@type\":\"ListItem\",\"position\":2,\"name\":\"Tienda\",\"item\":\"https:\/\/leadmarketing.com.mx\/tienda\/\"},{\"@type\":\"ListItem\",\"position\":3,\"name\":\"Plan Negocio\"}]},{\"@type\":\"WebSite\",\"@id\":\"https:\/\/leadmarketing.com.mx\/#website\",\"url\":\"https:\/\/leadmarketing.com.mx\/\",\"name\":\"Lead Marketing agencia publicidad\",\"description\":\"Agencia de marketing, Noticias en mexico\",\"publisher\":{\"@id\":\"https:\/\/leadmarketing.com.mx\/#organization\"},\"potentialAction\":[{\"@type\":\"SearchAction\",\"target\":{\"@type\":\"EntryPoint\",\"urlTemplate\":\"https:\/\/leadmarketing.com.mx\/?s={search_term_string}\"},\"query-input\":\"required name=search_term_string\"}],\"inLanguage\":\"en-US\"},{\"@type\":\"Organization\",\"@id\":\"https:\/\/leadmarketing.com.mx\/#organization\",\"name\":\"Lead Marketing\",\"url\":\"https:\/\/leadmarketing.com.mx\/\",\"logo\":{\"@type\":\"ImageObject\",\"inLanguage\":\"en-US\",\"@id\":\"https:\/\/leadmarketing.com.mx\/#\/schema\/logo\/image\/\",\"url\":\"https:\/\/leadmarketing.com.mx\/wp-content\/uploads\/2019\/02\/Logo-1.png\",\"contentUrl\":\"https:\/\/leadmarketing.com.mx\/wp-content\/uploads\/2019\/02\/Logo-1.png\",\"width\":668,\"height\":373,\"caption\":\"Lead Marketing\"},\"image\":{\"@id\":\"https:\/\/leadmarketing.com.mx\/#\/schema\/logo\/image\/\"},\"sameAs\":[\"https:\/\/www.facebook.com\/LeadMarketingMx\/\",\"https:\/\/www.instagram.com\/leadmarketingmx\/\",\"https:\/\/www.linkedin.com\/leadmarketingmx\"]}]}<\/script>\n<!-- \/ Yoast SEO Premium plugin. -->","yoast_head_json":{"title":"Plan Negocio | Lead Marketing agencia publicidad","robots":{"index":"index","follow":"follow","max-snippet":"max-snippet:-1","max-image-preview":"max-image-preview:large","max-video-preview":"max-video-preview:-1"},"canonical":"https:\/\/leadmarketing.com.mx\/en\/product\/business-plan\/","og_locale":"en_US","og_type":"article","og_title":"Plan Negocio","og_description":"Dise\u00f1o de logotipo   2 Propuestas   2 Revisiones   Te entregamos tus archivos editables y la exportaci\u00f3n de todas las versiones de tu logotipo a color y negativos en .png listas para su uso.   Tipograf\u00edas y colores   Manual de identidad, un un documento que engloba todo lo que es tu marca. Tipograf\u00eda, colores, usos etc es la biblia de tu marca.   1 Aplicativo Elige entre el dise\u00f1o de tus tarjetas de presentaci\u00f3n, men\u00fa, playera, firma de correo, membretes o alg\u00fan otro.","og_url":"https:\/\/leadmarketing.com.mx\/en\/product\/business-plan\/","og_site_name":"Lead Marketing agencia publicidad","article_publisher":"https:\/\/www.facebook.com\/LeadMarketingMx\/","article_modified_time":"2025-05-25T20:45:42+00:00","og_image":[{"width":620,"height":384,"url":"https:\/\/leadmarketing.com.mx\/wp-content\/uploads\/Dise\u00f1o-de-Imagen-corporativa-empresarial-logotipo.png","type":"image\/png"}],"twitter_card":"summary_large_image","schema":{"@context":"https:\/\/schema.org","@graph":[{"@type":"WebPage","@id":"https:\/\/leadmarketing.com.mx\/producto\/plan-negocio\/","url":"https:\/\/leadmarketing.com.mx\/producto\/plan-negocio\/","name":"Plan Negocio | Lead Marketing agencia publicidad","isPartOf":{"@id":"https:\/\/leadmarketing.com.mx\/#website"},"datePublished":"2022-03-25T18:45:16+00:00","dateModified":"2025-05-25T20:45:42+00:00","breadcrumb":{"@id":"https:\/\/leadmarketing.com.mx\/producto\/plan-negocio\/#breadcrumb"},"inLanguage":"en-US","potentialAction":[{"@type":"ReadAction","target":["https:\/\/leadmarketing.com.mx\/producto\/plan-negocio\/"]}]},{"@type":"BreadcrumbList","@id":"https:\/\/leadmarketing.com.mx\/producto\/plan-negocio\/#breadcrumb","itemListElement":[{"@type":"ListItem","position":1,"name":"Inicio","item":"https:\/\/leadmarketing.com.mx\/"},{"@type":"ListItem","position":2,"name":"Tienda","item":"https:\/\/leadmarketing.com.mx\/tienda\/"},{"@type":"ListItem","position":3,"name":"Plan Negocio"}]},{"@type":"WebSite","@id":"https:\/\/leadmarketing.com.mx\/#website","url":"https:\/\/leadmarketing.com.mx\/","name":"Lead Marketing agencia publicidad","description":"Agencia de marketing, Noticias en mexico","publisher":{"@id":"https:\/\/leadmarketing.com.mx\/#organization"},"potentialAction":[{"@type":"SearchAction","target":{"@type":"EntryPoint","urlTemplate":"https:\/\/leadmarketing.com.mx\/?s={search_term_string}"},"query-input":"required name=search_term_string"}],"inLanguage":"en-US"},{"@type":"Organization","@id":"https:\/\/leadmarketing.com.mx\/#organization","name":"Lead Marketing","url":"https:\/\/leadmarketing.com.mx\/","logo":{"@type":"ImageObject","inLanguage":"en-US","@id":"https:\/\/leadmarketing.com.mx\/#\/schema\/logo\/image\/","url":"https:\/\/leadmarketing.com.mx\/wp-content\/uploads\/2019\/02\/Logo-1.png","contentUrl":"https:\/\/leadmarketing.com.mx\/wp-content\/uploads\/2019\/02\/Logo-1.png","width":668,"height":373,"caption":"Lead Marketing"},"image":{"@id":"https:\/\/leadmarketing.com.mx\/#\/schema\/logo\/image\/"},"sameAs":["https:\/\/www.facebook.com\/LeadMarketingMx\/","https:\/\/www.instagram.com\/leadmarketingmx\/","https:\/\/www.linkedin.com\/leadmarketingmx"]}]}},"jetpack_sharing_enabled":true,"_links":{"self":[{"href":"https:\/\/leadmarketing.com.mx\/en\/wp-json\/wp\/v2\/product\/7519","targetHints":{"allow":["GET"]}}],"collection":[{"href":"https:\/\/leadmarketing.com.mx\/en\/wp-json\/wp\/v2\/product"}],"about":[{"href":"https:\/\/leadmarketing.com.mx\/en\/wp-json\/wp\/v2\/types\/product"}],"replies":[{"embeddable":true,"href":"https:\/\/leadmarketing.com.mx\/en\/wp-json\/wp\/v2\/comments?post=7519"}],"wp:featuredmedia":[{"embeddable":true,"href":"https:\/\/leadmarketing.com.mx\/en\/wp-json\/wp\/v2\/media\/1302"}],"wp:attachment":[{"href":"https:\/\/leadmarketing.com.mx\/en\/wp-json\/wp\/v2\/media?parent=7519"}],"wp:term":[{"taxonomy":"product_cat","embeddable":true,"href":"https:\/\/leadmarketing.com.mx\/en\/wp-json\/wp\/v2\/product_cat?post=7519"},{"taxonomy":"product_tag","embeddable":true,"href":"https:\/\/leadmarketing.com.mx\/en\/wp-json\/wp\/v2\/product_tag?post=7519"}],"curies":[{"name":"wp","href":"https:\/\/api.w.org\/{rel}","templated":true}]}}