{"id":6833,"date":"2022-02-23T21:24:17","date_gmt":"2022-02-24T03:24:17","guid":{"rendered":"https:\/\/leadmarketing.com.mx\/?post_type=product&#038;p=6833"},"modified":"2025-05-25T23:33:16","modified_gmt":"2025-05-26T05:33:16","slug":"social-lead-advanced","status":"publish","type":"product","link":"https:\/\/leadmarketing.com.mx\/en\/product\/social-lead-advanced\/","title":{"rendered":"Social Lead Pro"},"content":{"rendered":"<ul>\n<li>\u00a0Setting up advertising campaigns<\/li>\n<li>Advertising Strategy<\/li>\n<li>Cover<\/li>\n<li>20 Post<\/li>\n<li>20 Copies<\/li>\n<li>PDF Graphics Delivery<\/li>\n<li>Post programming<\/li>\n<li>Monthly Video<\/li>\n<li>Dynamics *<\/li>\n<li>GIF*<\/li>\n<\/ul>","protected":false},"excerpt":{"rendered":"<ul>\n<li>\u00a0Setting up advertising campaigns<\/li>\n<li>Advertising Strategy<\/li>\n<li>Cover<\/li>\n<li>20 Post<\/li>\n<li>20 Copies<\/li>\n<li>PDF Graphics Delivery<\/li>\n<li>Post programming<\/li>\n<li>Monthly Video<\/li>\n<li>Dynamics *<\/li>\n<li>GIF*<\/li>\n<\/ul>","protected":false},"featured_media":6817,"comment_status":"open","ping_status":"closed","template":"","meta":[],"product_cat":[27],"product_tag":[],"class_list":["post-6833","product","type-product","status-publish","has-post-thumbnail","hentry","product_cat-redes-sociales"],"yoast_head":"<!-- This site is optimized with the Yoast SEO Premium plugin v20.4 (Yoast SEO v20.9) - https:\/\/yoast.com\/wordpress\/plugins\/seo\/ -->\n<title>Social Lead Pro | Lead Marketing agencia publicidad<\/title>\n<meta name=\"robots\" content=\"index, follow, max-snippet:-1, max-image-preview:large, max-video-preview:-1\" \/>\n<link rel=\"canonical\" href=\"https:\/\/leadmarketing.com.mx\/en\/product\/social-lead-advanced\/\" \/>\n<meta property=\"og:locale\" content=\"en_US\" \/>\n<meta property=\"og:type\" content=\"article\" \/>\n<meta property=\"og:title\" content=\"Social Lead Pro\" \/>\n<meta property=\"og:description\" content=\"\u00a0Configuraci\u00f3n de campa\u00f1as publicitarias  Estrategia Publicitaria  Cover  20 Post  20 Copys  Entrega de Gr\u00e1ficos de PDF  Programaci\u00f3n de Post  Video Mensual  Din\u00e1micas *  GIF*\" \/>\n<meta property=\"og:url\" content=\"https:\/\/leadmarketing.com.mx\/en\/product\/social-lead-advanced\/\" \/>\n<meta property=\"og:site_name\" content=\"Lead Marketing agencia publicidad\" \/>\n<meta property=\"article:publisher\" content=\"https:\/\/www.facebook.com\/LeadMarketingMx\/\" \/>\n<meta property=\"article:modified_time\" content=\"2025-05-26T05:33:16+00:00\" \/>\n<meta property=\"og:image\" content=\"https:\/\/leadmarketing.com.mx\/wp-content\/uploads\/Redes-sociales-ban-e1548218328370.png\" \/>\n\t<meta property=\"og:image:width\" content=\"407\" \/>\n\t<meta property=\"og:image:height\" content=\"371\" \/>\n\t<meta property=\"og:image:type\" content=\"image\/png\" \/>\n<meta name=\"twitter:card\" content=\"summary_large_image\" \/>\n<script type=\"application\/ld+json\" class=\"yoast-schema-graph\">{\"@context\":\"https:\/\/schema.org\",\"@graph\":[{\"@type\":\"WebPage\",\"@id\":\"https:\/\/leadmarketing.com.mx\/producto\/social-lead-advanced\/\",\"url\":\"https:\/\/leadmarketing.com.mx\/producto\/social-lead-advanced\/\",\"name\":\"Social Lead Pro | Lead Marketing agencia publicidad\",\"isPartOf\":{\"@id\":\"https:\/\/leadmarketing.com.mx\/#website\"},\"datePublished\":\"2022-02-24T03:24:17+00:00\",\"dateModified\":\"2025-05-26T05:33:16+00:00\",\"breadcrumb\":{\"@id\":\"https:\/\/leadmarketing.com.mx\/producto\/social-lead-advanced\/#breadcrumb\"},\"inLanguage\":\"en-US\",\"potentialAction\":[{\"@type\":\"ReadAction\",\"target\":[\"https:\/\/leadmarketing.com.mx\/producto\/social-lead-advanced\/\"]}]},{\"@type\":\"BreadcrumbList\",\"@id\":\"https:\/\/leadmarketing.com.mx\/producto\/social-lead-advanced\/#breadcrumb\",\"itemListElement\":[{\"@type\":\"ListItem\",\"position\":1,\"name\":\"Inicio\",\"item\":\"https:\/\/leadmarketing.com.mx\/\"},{\"@type\":\"ListItem\",\"position\":2,\"name\":\"Tienda\",\"item\":\"https:\/\/leadmarketing.com.mx\/tienda\/\"},{\"@type\":\"ListItem\",\"position\":3,\"name\":\"Social Lead Pro\"}]},{\"@type\":\"WebSite\",\"@id\":\"https:\/\/leadmarketing.com.mx\/#website\",\"url\":\"https:\/\/leadmarketing.com.mx\/\",\"name\":\"Lead Marketing agencia publicidad\",\"description\":\"Agencia de marketing, Noticias en mexico\",\"publisher\":{\"@id\":\"https:\/\/leadmarketing.com.mx\/#organization\"},\"potentialAction\":[{\"@type\":\"SearchAction\",\"target\":{\"@type\":\"EntryPoint\",\"urlTemplate\":\"https:\/\/leadmarketing.com.mx\/?s={search_term_string}\"},\"query-input\":\"required name=search_term_string\"}],\"inLanguage\":\"en-US\"},{\"@type\":\"Organization\",\"@id\":\"https:\/\/leadmarketing.com.mx\/#organization\",\"name\":\"Lead Marketing\",\"url\":\"https:\/\/leadmarketing.com.mx\/\",\"logo\":{\"@type\":\"ImageObject\",\"inLanguage\":\"en-US\",\"@id\":\"https:\/\/leadmarketing.com.mx\/#\/schema\/logo\/image\/\",\"url\":\"https:\/\/leadmarketing.com.mx\/wp-content\/uploads\/2019\/02\/Logo-1.png\",\"contentUrl\":\"https:\/\/leadmarketing.com.mx\/wp-content\/uploads\/2019\/02\/Logo-1.png\",\"width\":668,\"height\":373,\"caption\":\"Lead Marketing\"},\"image\":{\"@id\":\"https:\/\/leadmarketing.com.mx\/#\/schema\/logo\/image\/\"},\"sameAs\":[\"https:\/\/www.facebook.com\/LeadMarketingMx\/\",\"https:\/\/www.instagram.com\/leadmarketingmx\/\",\"https:\/\/www.linkedin.com\/leadmarketingmx\"]}]}<\/script>\n<!-- \/ Yoast SEO Premium plugin. -->","yoast_head_json":{"title":"Social Lead Pro | Lead Marketing agencia publicidad","robots":{"index":"index","follow":"follow","max-snippet":"max-snippet:-1","max-image-preview":"max-image-preview:large","max-video-preview":"max-video-preview:-1"},"canonical":"https:\/\/leadmarketing.com.mx\/en\/product\/social-lead-advanced\/","og_locale":"en_US","og_type":"article","og_title":"Social Lead Pro","og_description":"\u00a0Configuraci\u00f3n de campa\u00f1as publicitarias  Estrategia Publicitaria  Cover  20 Post  20 Copys  Entrega de Gr\u00e1ficos de PDF  Programaci\u00f3n de Post  Video Mensual  Din\u00e1micas *  GIF*","og_url":"https:\/\/leadmarketing.com.mx\/en\/product\/social-lead-advanced\/","og_site_name":"Lead Marketing agencia publicidad","article_publisher":"https:\/\/www.facebook.com\/LeadMarketingMx\/","article_modified_time":"2025-05-26T05:33:16+00:00","og_image":[{"width":407,"height":371,"url":"https:\/\/leadmarketing.com.mx\/wp-content\/uploads\/Redes-sociales-ban-e1548218328370.png","type":"image\/png"}],"twitter_card":"summary_large_image","schema":{"@context":"https:\/\/schema.org","@graph":[{"@type":"WebPage","@id":"https:\/\/leadmarketing.com.mx\/producto\/social-lead-advanced\/","url":"https:\/\/leadmarketing.com.mx\/producto\/social-lead-advanced\/","name":"Social Lead Pro | Lead Marketing agencia publicidad","isPartOf":{"@id":"https:\/\/leadmarketing.com.mx\/#website"},"datePublished":"2022-02-24T03:24:17+00:00","dateModified":"2025-05-26T05:33:16+00:00","breadcrumb":{"@id":"https:\/\/leadmarketing.com.mx\/producto\/social-lead-advanced\/#breadcrumb"},"inLanguage":"en-US","potentialAction":[{"@type":"ReadAction","target":["https:\/\/leadmarketing.com.mx\/producto\/social-lead-advanced\/"]}]},{"@type":"BreadcrumbList","@id":"https:\/\/leadmarketing.com.mx\/producto\/social-lead-advanced\/#breadcrumb","itemListElement":[{"@type":"ListItem","position":1,"name":"Inicio","item":"https:\/\/leadmarketing.com.mx\/"},{"@type":"ListItem","position":2,"name":"Tienda","item":"https:\/\/leadmarketing.com.mx\/tienda\/"},{"@type":"ListItem","position":3,"name":"Social Lead Pro"}]},{"@type":"WebSite","@id":"https:\/\/leadmarketing.com.mx\/#website","url":"https:\/\/leadmarketing.com.mx\/","name":"Lead Marketing agencia publicidad","description":"Agencia de marketing, Noticias en mexico","publisher":{"@id":"https:\/\/leadmarketing.com.mx\/#organization"},"potentialAction":[{"@type":"SearchAction","target":{"@type":"EntryPoint","urlTemplate":"https:\/\/leadmarketing.com.mx\/?s={search_term_string}"},"query-input":"required name=search_term_string"}],"inLanguage":"en-US"},{"@type":"Organization","@id":"https:\/\/leadmarketing.com.mx\/#organization","name":"Lead Marketing","url":"https:\/\/leadmarketing.com.mx\/","logo":{"@type":"ImageObject","inLanguage":"en-US","@id":"https:\/\/leadmarketing.com.mx\/#\/schema\/logo\/image\/","url":"https:\/\/leadmarketing.com.mx\/wp-content\/uploads\/2019\/02\/Logo-1.png","contentUrl":"https:\/\/leadmarketing.com.mx\/wp-content\/uploads\/2019\/02\/Logo-1.png","width":668,"height":373,"caption":"Lead Marketing"},"image":{"@id":"https:\/\/leadmarketing.com.mx\/#\/schema\/logo\/image\/"},"sameAs":["https:\/\/www.facebook.com\/LeadMarketingMx\/","https:\/\/www.instagram.com\/leadmarketingmx\/","https:\/\/www.linkedin.com\/leadmarketingmx"]}]}},"jetpack_sharing_enabled":true,"_links":{"self":[{"href":"https:\/\/leadmarketing.com.mx\/en\/wp-json\/wp\/v2\/product\/6833","targetHints":{"allow":["GET"]}}],"collection":[{"href":"https:\/\/leadmarketing.com.mx\/en\/wp-json\/wp\/v2\/product"}],"about":[{"href":"https:\/\/leadmarketing.com.mx\/en\/wp-json\/wp\/v2\/types\/product"}],"replies":[{"embeddable":true,"href":"https:\/\/leadmarketing.com.mx\/en\/wp-json\/wp\/v2\/comments?post=6833"}],"wp:featuredmedia":[{"embeddable":true,"href":"https:\/\/leadmarketing.com.mx\/en\/wp-json\/wp\/v2\/media\/6817"}],"wp:attachment":[{"href":"https:\/\/leadmarketing.com.mx\/en\/wp-json\/wp\/v2\/media?parent=6833"}],"wp:term":[{"taxonomy":"product_cat","embeddable":true,"href":"https:\/\/leadmarketing.com.mx\/en\/wp-json\/wp\/v2\/product_cat?post=6833"},{"taxonomy":"product_tag","embeddable":true,"href":"https:\/\/leadmarketing.com.mx\/en\/wp-json\/wp\/v2\/product_tag?post=6833"}],"curies":[{"name":"wp","href":"https:\/\/api.w.org\/{rel}","templated":true}]}}