{"id":15420,"date":"2023-05-09T19:07:50","date_gmt":"2023-05-10T01:07:50","guid":{"rendered":"https:\/\/leadmarketing.com.mx\/?post_type=product&#038;p=15420"},"modified":"2023-05-09T19:24:39","modified_gmt":"2023-05-10T01:24:39","slug":"setting-up-campaigns-in-google-ads","status":"publish","type":"product","link":"https:\/\/leadmarketing.com.mx\/en\/product\/setting-up-campaigns-in-google-ads\/","title":{"rendered":"Setting up campaigns in Google Ads"},"content":{"rendered":"<p>While the big pay-per-click companies have contracts and minimal advertising costs, we don&#039;t. We&#039;re so confident that you&#039;ll be happy with the return on investment (ROI) on your online advertising campaign that we don&#039;t need to handcuff you. Our services and Google Ads can be cancelled at any time.<\/p>\n<h2 class=\"fusion-responsive-typography-calculated\" data-fontsize=\"25\" data-lineheight=\"27px\">We work on a simple hourly basis.<\/h2>\n<p>We do not require a percentage of our total ad purchase. As an hourly service provider, you can rely on our advice on your ad budget without worrying that we are trying to increase your ad purchase for our own purposes.<\/p>\n<h2 class=\"fusion-responsive-typography-calculated\" data-fontsize=\"25\" data-lineheight=\"27px\">Our rates<\/h2>\n<p>We charge $$2000 MXN per hour, minimum 15 minutes, billed on the last business day of each month. It typically takes around 4 hours to set up a new Google Ads account for most small and medium-sized businesses. From then on, it typically takes us 1-1.5 hours per month to review, report on, and optimize the account.<\/p>\n<div class=\"fusion-layout-column fusion_builder_column fusion-builder-column-0 fusion_builder_column_2_3 2_3 fusion-two-third fusion-column-first\">\n<div class=\"fusion-column-wrapper fusion-flex-column-wrapper-legacy\">\n<div class=\"fusion-title title fusion-title-2 fusion-title-text fusion-title-size-two\">\n<h2 class=\"title-heading-left fusion-responsive-typography-calculated\" data-fontsize=\"25\" data-lineheight=\"27px\">Typical charges for new customers<\/h2>\n<\/div>\n<div class=\"fusion-text fusion-text-2\">\n<p>Below is what our clients typically see on the first invoices we send them.<\/p>\n<\/div>\n<\/div>\n<\/div>\n<div class=\"fusion-layout-column fusion_builder_column fusion-builder-column-1 fusion_builder_column_1_3 1_3 fusion-one-third fusion-column-last\">\n<div class=\"fusion-column-wrapper fusion-flex-column-wrapper-legacy\">\n<div class=\"fusion-pricing-table pricing-table-1 sep-boxed-pricing row fusion-columns-1 columns-1 fusion-clearfix\">\n<div class=\"panel-wrapper fusion-column column col-lg-12 col-md-12 col-sm-12 fusion-pricingtable-column\">\n<div class=\"panel-container\">\n<div class=\"fusion-panel\">\n<div class=\"panel-heading\">\n<h3 class=\"title-row fusion-responsive-typography-calculated\" data-fontsize=\"16\" data-lineheight=\"24px\">Setting up your advertising campaign<\/h3>\n<\/div>\n<div class=\"panel-body pricing-row\">\n<div class=\"price\"><span class=\"currency\">$ 4000<\/span><span class=\"integer-part\"> MXN<\/span><span class=\"time price-without-decimal\">\u00a0typical cost<\/span><\/div>\n<\/div>\n<ul class=\"list-group\">\n<li class=\"list-group-item normal-row\">INCLUDES: 4 hours of setting up search, brand, remarketing and display campaigns<\/li>\n<li class=\"list-group-item normal-row\">INCLUDES: Website goal setup and conversion tracking<\/li>\n<li class=\"list-group-item normal-row\">INCLUDES: Setup of automated monthly reports<\/li>\n<li class=\"list-group-item normal-row\">Work beyond the above scope is charged at $ 2000 mxn per hour<\/li>\n<\/ul>\n<div class=\"panel-footer footer-row\">\n<p>* plus 16% VAT (Mexico only)<\/p>\n<\/div>\n<\/div>\n<\/div>\n<\/div>\n<\/div>\n<\/div>\n<\/div>\n<div class=\"fusion-layout-column fusion_builder_column fusion-builder-column-2 fusion_builder_column_2_3 2_3 fusion-two-third fusion-column-first\">\n<div class=\"fusion-column-wrapper fusion-flex-column-wrapper-legacy\">\n<div class=\"fusion-content-boxes content-boxes columns row fusion-columns-3 fusion-columns-total-3 fusion-content-boxes-1 content-boxes-icon-with-title content-left\" data-animationoffset=\"top-into-view\">\n<div class=\"fusion-column content-box-column content-box-column content-box-column-1 col-lg-4 col-md-4 col-sm-4 fusion-content-box-hover content-box-column-first-in-row\">\n<div class=\"col content-box-wrapper content-wrapper-background link-area-link-icon icon-hover-animation-fade\" data-animationoffset=\"top-into-view\">\n<div class=\"heading heading-with-icon icon-left\">\n<h2 class=\"content-box-heading fusion-responsive-typography-calculated\" data-fontsize=\"18\" data-lineheight=\"23.04px\">First 30 days<\/h2>\n<\/div>\n<div class=\"content-container\">Account setup for $4000 MXN plus 2 additional hours ($2500 MXN) for 1 or 2 reports and optimizations<\/div>\n<\/div>\n<\/div>\n<div class=\"fusion-column content-box-column content-box-column content-box-column-2 col-lg-4 col-md-4 col-sm-4 fusion-content-box-hover\">\n<div class=\"col content-box-wrapper content-wrapper-background link-area-link-icon icon-hover-animation-fade\" data-animationoffset=\"top-into-view\">\n<div class=\"heading heading-with-icon icon-left\">\n<div class=\"icon\"><\/div>\n<h2 class=\"content-box-heading fusion-responsive-typography-calculated\" data-fontsize=\"18\" data-lineheight=\"23.04px\">Next 30 days<\/h2>\n<\/div>\n<div class=\"content-container\">\n<p>Typically the second month requires 2.5 hours of review and optimization ($2500 MXN)<\/p>\n<\/div>\n<\/div>\n<\/div>\n<div class=\"fusion-column content-box-column content-box-column content-box-column-3 col-lg-4 col-md-4 col-sm-4 fusion-content-box-hover content-box-column-last content-box-column-last-in-row\">\n<div class=\"col content-box-wrapper content-wrapper-background link-area-link-icon icon-hover-animation-fade\" data-animationoffset=\"top-into-view\">\n<div class=\"heading heading-with-icon icon-left\">\n<h2 class=\"content-box-heading fusion-responsive-typography-calculated\" data-fontsize=\"18\" data-lineheight=\"23.04px\">Monthly thereafter<\/h2>\n<\/div>\n<div class=\"content-container\">\n<p>We typically spend 1-1.5 hours per review and optimization ($ 1900 \u2013 $ 2000 MXN)<\/p>\n<\/div>\n<\/div>\n<\/div>\n<div class=\"fusion-clearfix\"><\/div>\n<\/div>\n<\/div>\n<\/div>\n<div class=\"fusion-layout-column fusion_builder_column fusion-builder-column-3 fusion_builder_column_1_3 1_3 fusion-one-third fusion-column-last fusion-column-inner-bg-wrapper fusion-column-liftup-border\">\n<div class=\"fusion-column-wrapper fusion-flex-column-wrapper-legacy\">\n<div class=\"fusion-title title fusion-title-3 fusion-title-text fusion-title-size-two\">\n<h2 class=\"title-heading-left fusion-responsive-typography-calculated\" data-fontsize=\"25\" data-lineheight=\"27px\">The cost of advertising is additional<\/h2>\n<div class=\"title-sep-container\">\n<div class=\"title-sep sep-single sep-solid\">The pay per click (PPC) provider, such as Google Ads, will charge their own fees directly to your credit card. Invoices and receipts are available through the provider by logging into your PPC account with them. Alternatively, we can email your invoices to you directly at a cost of $ 100 MXN\/month.<\/div>\n<\/div>\n<\/div>\n<\/div>\n<\/div>\n<div class=\"fusion-layout-column fusion_builder_column fusion-builder-column-4 fusion_builder_column_1_1 1_1 fusion-one-full fusion-column-first fusion-column-last fusion-column-no-min-height\">\n<div class=\"fusion-column-wrapper fusion-flex-column-wrapper-legacy\">\n<div class=\"fusion-title title fusion-title-4 fusion-title-text fusion-title-size-two\">\n<h2 class=\"title-heading-left fusion-responsive-typography-calculated\" data-fontsize=\"25\" data-lineheight=\"27px\">How much should I spend on online advertising?<\/h2>\n<div class=\"title-sep-container\">\n<p><span>We have managed PPC advertising budgets as low as $1,000 per month for local businesses. Once we have spoken with you about the products or services you offer, your service area, and marketing goals, we can suggest a budget that works for you. Cost per click varies widely between different business sectors.<\/span><\/p>\n<p><strong><span>Useful Links<\/span><\/strong><\/p>\n<ul>\n<li><a href=\"https:\/\/www.wordstream.com\/blog\/ws\/2016\/02\/29\/google-adwords-industry-benchmarks\" target=\"_blank\" rel=\"noopener noreferrer\"><span>Average cost per click (CPC) in Google Ads by industry<\/span><\/a><\/li>\n<li><a href=\"https:\/\/www.bluecorona.com\/blog\/29-small-business-digital-marketing-statistics\/\" target=\"_blank\" rel=\"noopener noreferrer\"><span>75+ Digital Marketing Statistics for Small Businesses<\/span><\/a><\/li>\n<li><a href=\"https:\/\/www.searchenginejournal.com\/seo-guide\/\" target=\"_blank\" rel=\"noopener noreferrer\"><span>A Complete Guide to SEO: What You Need to Know in 2020<\/span><\/a><\/li>\n<\/ul>\n<\/div>\n<\/div>\n<\/div>\n<\/div>","protected":false},"excerpt":{"rendered":"<div class=\"panel-heading\">\n<h3 class=\"title-row fusion-responsive-typography-calculated\" data-fontsize=\"16\" data-lineheight=\"24px\">Setting up your advertising campaign<\/h3>\n<\/div>\n<ul class=\"list-group\">\n<li class=\"list-group-item normal-row\">INCLUDES: 4 hours of setting up search, brand, remarketing and display campaigns<\/li>\n<li class=\"list-group-item normal-row\">INCLUDES: Website goal setup and conversion tracking<\/li>\n<li class=\"list-group-item normal-row\">INCLUDES: Setup of automated monthly reports<\/li>\n<li class=\"list-group-item normal-row\">Work beyond the above scope is charged at MXN 1500 per hour<\/li>\n<\/ul>","protected":false},"featured_media":15421,"comment_status":"open","ping_status":"closed","template":"","meta":[],"product_cat":[175],"product_tag":[],"class_list":["post-15420","product","type-product","status-publish","has-post-thumbnail","hentry","product_cat-google-ads"],"yoast_head":"<!-- This site is optimized with the Yoast SEO Premium plugin v20.4 (Yoast SEO v20.9) - https:\/\/yoast.com\/wordpress\/plugins\/seo\/ -->\n<title>Configuraci\u00f3n de campa\u00f1as en google ads | Lead Marketing agencia publicidad<\/title>\n<meta name=\"robots\" content=\"index, follow, max-snippet:-1, max-image-preview:large, max-video-preview:-1\" \/>\n<link rel=\"canonical\" href=\"https:\/\/leadmarketing.com.mx\/en\/product\/setting-up-campaigns-in-google-ads\/\" \/>\n<meta property=\"og:locale\" content=\"en_US\" \/>\n<meta property=\"og:type\" content=\"article\" \/>\n<meta property=\"og:title\" content=\"Configuraci\u00f3n de campa\u00f1as en google ads\" \/>\n<meta property=\"og:description\" content=\"Configuraci\u00f3n de la campa\u00f1a publicitaria    INCLUYE: 4 horas de configuraci\u00f3n de campa\u00f1as de b\u00fasqueda, de marca, de remarketing y de display  INCLUYE: configuraci\u00f3n del objetivo del sitio web y seguimiento de conversiones  INCLUYE: configuraci\u00f3n de informes mensuales automatizados  El trabajo m\u00e1s all\u00e1 del alcance anterior se cobra a 1500 MXN por hora\" \/>\n<meta property=\"og:url\" content=\"https:\/\/leadmarketing.com.mx\/en\/product\/setting-up-campaigns-in-google-ads\/\" \/>\n<meta property=\"og:site_name\" content=\"Lead Marketing agencia publicidad\" \/>\n<meta property=\"article:publisher\" content=\"https:\/\/www.facebook.com\/LeadMarketingMx\/\" \/>\n<meta property=\"article:modified_time\" content=\"2023-05-10T01:24:39+00:00\" \/>\n<meta property=\"og:image\" content=\"https:\/\/leadmarketing.com.mx\/wp-content\/uploads\/ads-medrano.png\" \/>\n\t<meta property=\"og:image:width\" content=\"1228\" \/>\n\t<meta property=\"og:image:height\" content=\"894\" \/>\n\t<meta property=\"og:image:type\" content=\"image\/png\" \/>\n<meta name=\"twitter:card\" content=\"summary_large_image\" \/>\n<meta name=\"twitter:label1\" content=\"Est. reading time\" \/>\n\t<meta name=\"twitter:data1\" content=\"2 minutes\" \/>\n<script type=\"application\/ld+json\" class=\"yoast-schema-graph\">{\"@context\":\"https:\/\/schema.org\",\"@graph\":[{\"@type\":\"WebPage\",\"@id\":\"https:\/\/leadmarketing.com.mx\/producto\/configuracion-de-campanas-en-google-ads\/\",\"url\":\"https:\/\/leadmarketing.com.mx\/producto\/configuracion-de-campanas-en-google-ads\/\",\"name\":\"Configuraci\u00f3n de campa\u00f1as en google ads | Lead Marketing agencia publicidad\",\"isPartOf\":{\"@id\":\"https:\/\/leadmarketing.com.mx\/#website\"},\"datePublished\":\"2023-05-10T01:07:50+00:00\",\"dateModified\":\"2023-05-10T01:24:39+00:00\",\"breadcrumb\":{\"@id\":\"https:\/\/leadmarketing.com.mx\/producto\/configuracion-de-campanas-en-google-ads\/#breadcrumb\"},\"inLanguage\":\"en-US\",\"potentialAction\":[{\"@type\":\"ReadAction\",\"target\":[\"https:\/\/leadmarketing.com.mx\/producto\/configuracion-de-campanas-en-google-ads\/\"]}]},{\"@type\":\"BreadcrumbList\",\"@id\":\"https:\/\/leadmarketing.com.mx\/producto\/configuracion-de-campanas-en-google-ads\/#breadcrumb\",\"itemListElement\":[{\"@type\":\"ListItem\",\"position\":1,\"name\":\"Inicio\",\"item\":\"https:\/\/leadmarketing.com.mx\/\"},{\"@type\":\"ListItem\",\"position\":2,\"name\":\"Tienda\",\"item\":\"https:\/\/leadmarketing.com.mx\/tienda\/\"},{\"@type\":\"ListItem\",\"position\":3,\"name\":\"Configuraci\u00f3n de campa\u00f1as en google ads\"}]},{\"@type\":\"WebSite\",\"@id\":\"https:\/\/leadmarketing.com.mx\/#website\",\"url\":\"https:\/\/leadmarketing.com.mx\/\",\"name\":\"Lead Marketing agencia publicidad\",\"description\":\"Agencia de marketing, Noticias en mexico\",\"publisher\":{\"@id\":\"https:\/\/leadmarketing.com.mx\/#organization\"},\"potentialAction\":[{\"@type\":\"SearchAction\",\"target\":{\"@type\":\"EntryPoint\",\"urlTemplate\":\"https:\/\/leadmarketing.com.mx\/?s={search_term_string}\"},\"query-input\":\"required name=search_term_string\"}],\"inLanguage\":\"en-US\"},{\"@type\":\"Organization\",\"@id\":\"https:\/\/leadmarketing.com.mx\/#organization\",\"name\":\"Lead Marketing\",\"url\":\"https:\/\/leadmarketing.com.mx\/\",\"logo\":{\"@type\":\"ImageObject\",\"inLanguage\":\"en-US\",\"@id\":\"https:\/\/leadmarketing.com.mx\/#\/schema\/logo\/image\/\",\"url\":\"https:\/\/leadmarketing.com.mx\/wp-content\/uploads\/2019\/02\/Logo-1.png\",\"contentUrl\":\"https:\/\/leadmarketing.com.mx\/wp-content\/uploads\/2019\/02\/Logo-1.png\",\"width\":668,\"height\":373,\"caption\":\"Lead Marketing\"},\"image\":{\"@id\":\"https:\/\/leadmarketing.com.mx\/#\/schema\/logo\/image\/\"},\"sameAs\":[\"https:\/\/www.facebook.com\/LeadMarketingMx\/\",\"https:\/\/www.instagram.com\/leadmarketingmx\/\",\"https:\/\/www.linkedin.com\/leadmarketingmx\"]}]}<\/script>\n<!-- \/ Yoast SEO Premium plugin. -->","yoast_head_json":{"title":"Configuraci\u00f3n de campa\u00f1as en google ads | Lead Marketing agencia publicidad","robots":{"index":"index","follow":"follow","max-snippet":"max-snippet:-1","max-image-preview":"max-image-preview:large","max-video-preview":"max-video-preview:-1"},"canonical":"https:\/\/leadmarketing.com.mx\/en\/product\/setting-up-campaigns-in-google-ads\/","og_locale":"en_US","og_type":"article","og_title":"Configuraci\u00f3n de campa\u00f1as en google ads","og_description":"Configuraci\u00f3n de la campa\u00f1a publicitaria    INCLUYE: 4 horas de configuraci\u00f3n de campa\u00f1as de b\u00fasqueda, de marca, de remarketing y de display  INCLUYE: configuraci\u00f3n del objetivo del sitio web y seguimiento de conversiones  INCLUYE: configuraci\u00f3n de informes mensuales automatizados  El trabajo m\u00e1s all\u00e1 del alcance anterior se cobra a 1500 MXN por hora","og_url":"https:\/\/leadmarketing.com.mx\/en\/product\/setting-up-campaigns-in-google-ads\/","og_site_name":"Lead Marketing agencia publicidad","article_publisher":"https:\/\/www.facebook.com\/LeadMarketingMx\/","article_modified_time":"2023-05-10T01:24:39+00:00","og_image":[{"width":1228,"height":894,"url":"https:\/\/leadmarketing.com.mx\/wp-content\/uploads\/ads-medrano.png","type":"image\/png"}],"twitter_card":"summary_large_image","twitter_misc":{"Est. reading time":"2 minutes"},"schema":{"@context":"https:\/\/schema.org","@graph":[{"@type":"WebPage","@id":"https:\/\/leadmarketing.com.mx\/producto\/configuracion-de-campanas-en-google-ads\/","url":"https:\/\/leadmarketing.com.mx\/producto\/configuracion-de-campanas-en-google-ads\/","name":"Configuraci\u00f3n de campa\u00f1as en google ads | Lead Marketing agencia publicidad","isPartOf":{"@id":"https:\/\/leadmarketing.com.mx\/#website"},"datePublished":"2023-05-10T01:07:50+00:00","dateModified":"2023-05-10T01:24:39+00:00","breadcrumb":{"@id":"https:\/\/leadmarketing.com.mx\/producto\/configuracion-de-campanas-en-google-ads\/#breadcrumb"},"inLanguage":"en-US","potentialAction":[{"@type":"ReadAction","target":["https:\/\/leadmarketing.com.mx\/producto\/configuracion-de-campanas-en-google-ads\/"]}]},{"@type":"BreadcrumbList","@id":"https:\/\/leadmarketing.com.mx\/producto\/configuracion-de-campanas-en-google-ads\/#breadcrumb","itemListElement":[{"@type":"ListItem","position":1,"name":"Inicio","item":"https:\/\/leadmarketing.com.mx\/"},{"@type":"ListItem","position":2,"name":"Tienda","item":"https:\/\/leadmarketing.com.mx\/tienda\/"},{"@type":"ListItem","position":3,"name":"Configuraci\u00f3n de campa\u00f1as en google ads"}]},{"@type":"WebSite","@id":"https:\/\/leadmarketing.com.mx\/#website","url":"https:\/\/leadmarketing.com.mx\/","name":"Lead Marketing agencia publicidad","description":"Agencia de marketing, Noticias en mexico","publisher":{"@id":"https:\/\/leadmarketing.com.mx\/#organization"},"potentialAction":[{"@type":"SearchAction","target":{"@type":"EntryPoint","urlTemplate":"https:\/\/leadmarketing.com.mx\/?s={search_term_string}"},"query-input":"required name=search_term_string"}],"inLanguage":"en-US"},{"@type":"Organization","@id":"https:\/\/leadmarketing.com.mx\/#organization","name":"Lead Marketing","url":"https:\/\/leadmarketing.com.mx\/","logo":{"@type":"ImageObject","inLanguage":"en-US","@id":"https:\/\/leadmarketing.com.mx\/#\/schema\/logo\/image\/","url":"https:\/\/leadmarketing.com.mx\/wp-content\/uploads\/2019\/02\/Logo-1.png","contentUrl":"https:\/\/leadmarketing.com.mx\/wp-content\/uploads\/2019\/02\/Logo-1.png","width":668,"height":373,"caption":"Lead Marketing"},"image":{"@id":"https:\/\/leadmarketing.com.mx\/#\/schema\/logo\/image\/"},"sameAs":["https:\/\/www.facebook.com\/LeadMarketingMx\/","https:\/\/www.instagram.com\/leadmarketingmx\/","https:\/\/www.linkedin.com\/leadmarketingmx"]}]}},"jetpack_sharing_enabled":true,"_links":{"self":[{"href":"https:\/\/leadmarketing.com.mx\/en\/wp-json\/wp\/v2\/product\/15420","targetHints":{"allow":["GET"]}}],"collection":[{"href":"https:\/\/leadmarketing.com.mx\/en\/wp-json\/wp\/v2\/product"}],"about":[{"href":"https:\/\/leadmarketing.com.mx\/en\/wp-json\/wp\/v2\/types\/product"}],"replies":[{"embeddable":true,"href":"https:\/\/leadmarketing.com.mx\/en\/wp-json\/wp\/v2\/comments?post=15420"}],"wp:featuredmedia":[{"embeddable":true,"href":"https:\/\/leadmarketing.com.mx\/en\/wp-json\/wp\/v2\/media\/15421"}],"wp:attachment":[{"href":"https:\/\/leadmarketing.com.mx\/en\/wp-json\/wp\/v2\/media?parent=15420"}],"wp:term":[{"taxonomy":"product_cat","embeddable":true,"href":"https:\/\/leadmarketing.com.mx\/en\/wp-json\/wp\/v2\/product_cat?post=15420"},{"taxonomy":"product_tag","embeddable":true,"href":"https:\/\/leadmarketing.com.mx\/en\/wp-json\/wp\/v2\/product_tag?post=15420"}],"curies":[{"name":"wp","href":"https:\/\/api.w.org\/{rel}","templated":true}]}}