{"id":4181,"date":"2021-12-13T13:38:00","date_gmt":"2021-12-13T19:38:00","guid":{"rendered":"https:\/\/leadmarketing.com.mx\/?page_id=4181"},"modified":"2022-02-08T13:42:17","modified_gmt":"2022-02-08T19:42:17","slug":"logo-design","status":"publish","type":"page","link":"https:\/\/leadmarketing.com.mx\/en\/services\/logo-design\/","title":{"rendered":"Logo design"},"content":{"rendered":"<h3>\n\t\t\t\t\tYour brand identity<br \/>\nWell connected<br \/>\nin all its graphic applications<\/h3>\n<p><img loading=\"lazy\" decoding=\"async\" width=\"571\" height=\"429\" src=\"https:\/\/leadmarketing.com.mx\/wp-content\/uploads\/2019\/01\/tarjetas-banner-e1548282234458.png\" alt=\"\" srcset=\"https:\/\/leadmarketing.com.mx\/wp-content\/uploads\/2019\/01\/tarjetas-banner-e1548282234458.png 571w, https:\/\/leadmarketing.com.mx\/wp-content\/uploads\/2019\/01\/tarjetas-banner-e1548282234458-350x263.png 350w, https:\/\/leadmarketing.com.mx\/wp-content\/uploads\/2019\/01\/tarjetas-banner-e1548282234458-300x225.png 300w\" sizes=\"auto, (max-width: 571px) 100vw, 571px\"><noscript><img fetchpriority=\"high\" decoding=\"async\" width=\"571\" height=\"429\" src=\"https:\/\/leadmarketing.com.mx\/wp-content\/uploads\/2019\/01\/tarjetas-banner-e1548282234458.png\" alt=\"\" srcset=\"https:\/\/leadmarketing.com.mx\/wp-content\/uploads\/2019\/01\/tarjetas-banner-e1548282234458.png 571w, https:\/\/leadmarketing.com.mx\/wp-content\/uploads\/2019\/01\/tarjetas-banner-e1548282234458-350x263.png 350w, https:\/\/leadmarketing.com.mx\/wp-content\/uploads\/2019\/01\/tarjetas-banner-e1548282234458-300x225.png 300w\" sizes=\"(max-width: 571px) 100vw, 571px\"><\/noscript><\/p>\n<h2 style=\"opacity: 0;\">Your brand must... Transmit, Convert, Be memorable, Impact, Tell a story<\/h2>\n<h2>Implementing each aspect that defines your company and making the elements that make it up a reality with a graphic or visual representation is not an easy task:<\/h2>\n<h2>But we are passionate about creating unique designs that allow you to tell your stories.<\/h2>\n<h2>An identity is what defines the entire business and identifies us to any potential client.<\/h2>\n<figure><img loading=\"lazy\" decoding=\"async\" width=\"526\" height=\"519\" src=\"https:\/\/leadmarketing.com.mx\/wp-content\/uploads\/2019\/01\/Stay-logo-blanco.png\" alt=\"Custom logo design\"><noscript><img decoding=\"async\" width=\"526\" height=\"519\" src=\"https:\/\/leadmarketing.com.mx\/wp-content\/uploads\/2019\/01\/Stay-logo-blanco.png\" alt=\"Custom logo design\"><\/noscript><\/figure>\n<h3>Custom logo design<\/h3>\n<figure><img loading=\"lazy\" decoding=\"async\" width=\"508\" height=\"418\" src=\"https:\/\/leadmarketing.com.mx\/wp-content\/uploads\/2018\/11\/tarjetas-banner-e1548282077151.png\" alt=\"Corporate image\"><noscript><img decoding=\"async\" width=\"508\" height=\"418\" src=\"https:\/\/leadmarketing.com.mx\/wp-content\/uploads\/2018\/11\/tarjetas-banner-e1548282077151.png\" alt=\"Corporate image\"><\/noscript><\/figure>\n<h3>Creation of corporate image<br \/>\n(Brand positioning)<\/h3>\n<p>Design of your company&#039;s entire corporate image from concept to graphic applications.<\/p>\n<h2 style=\"opacity: 0;\">Your business Converts, Sells, Grows, Impacts With the help of Lead marketing<\/h2>\n<h2>Ready to take your business to the next level?<\/h2>\n<p><img loading=\"lazy\" decoding=\"async\" width=\"1024\" height=\"400\" src=\"https:\/\/leadmarketing.com.mx\/wp-content\/uploads\/2018\/11\/Contacto-1-1024x400.png\" alt=\"Digital marketing specialist agency\" srcset=\"https:\/\/leadmarketing.com.mx\/wp-content\/uploads\/2018\/11\/Contacto-1-1024x400.png 1024w, https:\/\/leadmarketing.com.mx\/wp-content\/uploads\/2018\/11\/Contacto-1-770x301.png 770w, https:\/\/leadmarketing.com.mx\/wp-content\/uploads\/2018\/11\/Contacto-1-300x117.png 300w, https:\/\/leadmarketing.com.mx\/wp-content\/uploads\/2018\/11\/Contacto-1-768x300.png 768w, https:\/\/leadmarketing.com.mx\/wp-content\/uploads\/2018\/11\/Contacto-1.png 1050w\" sizes=\"auto, (max-width: 1024px) 100vw, 1024px\"><noscript><img loading=\"lazy\" decoding=\"async\" width=\"1024\" height=\"400\" src=\"https:\/\/leadmarketing.com.mx\/wp-content\/uploads\/2018\/11\/Contacto-1-1024x400.png\" alt=\"Digital marketing specialist agency\" srcset=\"https:\/\/leadmarketing.com.mx\/wp-content\/uploads\/2018\/11\/Contacto-1-1024x400.png 1024w, https:\/\/leadmarketing.com.mx\/wp-content\/uploads\/2018\/11\/Contacto-1-770x301.png 770w, https:\/\/leadmarketing.com.mx\/wp-content\/uploads\/2018\/11\/Contacto-1-300x117.png 300w, https:\/\/leadmarketing.com.mx\/wp-content\/uploads\/2018\/11\/Contacto-1-768x300.png 768w, https:\/\/leadmarketing.com.mx\/wp-content\/uploads\/2018\/11\/Contacto-1.png 1050w\" sizes=\"(max-width: 1024px) 100vw, 1024px\"><\/noscript><\/p>","protected":false},"excerpt":{"rendered":"<p>Tu identidad de marca Bien conectada en todas sus aplicaciones gr\u00e1ficas Tu marca debe.. Transmitir, Convertir, Ser memorable, impacatar, Contar una historia Implementar cada aspecto que define a tu empresa y haciendo realidad los elementos que la conforman con una representaci\u00f3n gr\u00e1fica o visual. no es tarea f\u00e1cil: Pero nos apasiona crear dise\u00f1os \u00fanicos que permitan contar sus historias una identidad es lo que define todo el negocio y nos identifica ante cualquier cliente potencial. Dise\u00f1o de logotipo a medida [&hellip;]<\/p>","protected":false},"author":1,"featured_media":0,"parent":6351,"menu_order":0,"comment_status":"closed","ping_status":"closed","template":"elementor_header_footer","meta":{"footnotes":""},"class_list":["post-4181","page","type-page","status-publish","hentry"],"yoast_head":"<!-- This site is optimized with the Yoast SEO Premium plugin v20.4 (Yoast SEO v20.9) - https:\/\/yoast.com\/wordpress\/plugins\/seo\/ -->\n<title>Dise\u00f1o de logotipo | Lead Marketing agencia publicidad<\/title>\n<meta name=\"robots\" content=\"index, follow, max-snippet:-1, max-image-preview:large, max-video-preview:-1\" \/>\n<link rel=\"canonical\" href=\"https:\/\/leadmarketing.com.mx\/en\/services\/logo-design\/\" \/>\n<meta property=\"og:locale\" content=\"en_US\" \/>\n<meta property=\"og:type\" content=\"article\" \/>\n<meta property=\"og:title\" content=\"Dise\u00f1o de logotipo\" \/>\n<meta property=\"og:description\" content=\"Tu identidad de marca Bien conectada en todas sus aplicaciones gr\u00e1ficas Tu marca debe.. Transmitir, Convertir, Ser memorable, impacatar, Contar una historia Implementar cada aspecto que define a tu empresa y haciendo realidad los elementos que la conforman con una representaci\u00f3n gr\u00e1fica o visual. no es tarea f\u00e1cil: Pero nos apasiona crear dise\u00f1os \u00fanicos que permitan contar sus historias una identidad es lo que define todo el negocio y nos identifica ante cualquier cliente potencial. Dise\u00f1o de logotipo a medida [&hellip;]\" \/>\n<meta property=\"og:url\" content=\"https:\/\/leadmarketing.com.mx\/en\/services\/logo-design\/\" \/>\n<meta property=\"og:site_name\" content=\"Lead Marketing agencia publicidad\" \/>\n<meta property=\"article:publisher\" content=\"https:\/\/www.facebook.com\/LeadMarketingMx\/\" \/>\n<meta property=\"article:modified_time\" content=\"2022-02-08T19:42:17+00:00\" \/>\n<meta property=\"og:image\" content=\"https:\/\/leadmarketing.com.mx\/wp-content\/uploads\/2019\/01\/tarjetas-banner-e1548282234458.png\" \/>\n<meta name=\"twitter:card\" content=\"summary_large_image\" \/>\n<meta name=\"twitter:label1\" content=\"Est. reading time\" \/>\n\t<meta name=\"twitter:data1\" content=\"2 minutes\" \/>\n<script type=\"application\/ld+json\" class=\"yoast-schema-graph\">{\"@context\":\"https:\/\/schema.org\",\"@graph\":[{\"@type\":\"WebPage\",\"@id\":\"https:\/\/leadmarketing.com.mx\/servicios\/diseno-de-logotipo\/\",\"url\":\"https:\/\/leadmarketing.com.mx\/servicios\/diseno-de-logotipo\/\",\"name\":\"Dise\u00f1o de logotipo | Lead Marketing agencia publicidad\",\"isPartOf\":{\"@id\":\"https:\/\/leadmarketing.com.mx\/#website\"},\"datePublished\":\"2021-12-13T19:38:00+00:00\",\"dateModified\":\"2022-02-08T19:42:17+00:00\",\"breadcrumb\":{\"@id\":\"https:\/\/leadmarketing.com.mx\/servicios\/diseno-de-logotipo\/#breadcrumb\"},\"inLanguage\":\"en-US\",\"potentialAction\":[{\"@type\":\"ReadAction\",\"target\":[\"https:\/\/leadmarketing.com.mx\/servicios\/diseno-de-logotipo\/\"]}]},{\"@type\":\"BreadcrumbList\",\"@id\":\"https:\/\/leadmarketing.com.mx\/servicios\/diseno-de-logotipo\/#breadcrumb\",\"itemListElement\":[{\"@type\":\"ListItem\",\"position\":1,\"name\":\"Inicio\",\"item\":\"https:\/\/leadmarketing.com.mx\/\"},{\"@type\":\"ListItem\",\"position\":2,\"name\":\"Servicios\",\"item\":\"https:\/\/leadmarketing.com.mx\/servicios\/\"},{\"@type\":\"ListItem\",\"position\":3,\"name\":\"Dise\u00f1o de logotipo\"}]},{\"@type\":\"WebSite\",\"@id\":\"https:\/\/leadmarketing.com.mx\/#website\",\"url\":\"https:\/\/leadmarketing.com.mx\/\",\"name\":\"Lead Marketing agencia publicidad\",\"description\":\"Agencia de marketing, Noticias en mexico\",\"publisher\":{\"@id\":\"https:\/\/leadmarketing.com.mx\/#organization\"},\"potentialAction\":[{\"@type\":\"SearchAction\",\"target\":{\"@type\":\"EntryPoint\",\"urlTemplate\":\"https:\/\/leadmarketing.com.mx\/?s={search_term_string}\"},\"query-input\":\"required name=search_term_string\"}],\"inLanguage\":\"en-US\"},{\"@type\":\"Organization\",\"@id\":\"https:\/\/leadmarketing.com.mx\/#organization\",\"name\":\"Lead Marketing\",\"url\":\"https:\/\/leadmarketing.com.mx\/\",\"logo\":{\"@type\":\"ImageObject\",\"inLanguage\":\"en-US\",\"@id\":\"https:\/\/leadmarketing.com.mx\/#\/schema\/logo\/image\/\",\"url\":\"https:\/\/leadmarketing.com.mx\/wp-content\/uploads\/2019\/02\/Logo-1.png\",\"contentUrl\":\"https:\/\/leadmarketing.com.mx\/wp-content\/uploads\/2019\/02\/Logo-1.png\",\"width\":668,\"height\":373,\"caption\":\"Lead Marketing\"},\"image\":{\"@id\":\"https:\/\/leadmarketing.com.mx\/#\/schema\/logo\/image\/\"},\"sameAs\":[\"https:\/\/www.facebook.com\/LeadMarketingMx\/\",\"https:\/\/www.instagram.com\/leadmarketingmx\/\",\"https:\/\/www.linkedin.com\/leadmarketingmx\"]}]}<\/script>\n<!-- \/ Yoast SEO Premium plugin. -->","yoast_head_json":{"title":"Dise\u00f1o de logotipo | Lead Marketing agencia publicidad","robots":{"index":"index","follow":"follow","max-snippet":"max-snippet:-1","max-image-preview":"max-image-preview:large","max-video-preview":"max-video-preview:-1"},"canonical":"https:\/\/leadmarketing.com.mx\/en\/services\/logo-design\/","og_locale":"en_US","og_type":"article","og_title":"Dise\u00f1o de logotipo","og_description":"Tu identidad de marca Bien conectada en todas sus aplicaciones gr\u00e1ficas Tu marca debe.. Transmitir, Convertir, Ser memorable, impacatar, Contar una historia Implementar cada aspecto que define a tu empresa y haciendo realidad los elementos que la conforman con una representaci\u00f3n gr\u00e1fica o visual. no es tarea f\u00e1cil: Pero nos apasiona crear dise\u00f1os \u00fanicos que permitan contar sus historias una identidad es lo que define todo el negocio y nos identifica ante cualquier cliente potencial. Dise\u00f1o de logotipo a medida [&hellip;]","og_url":"https:\/\/leadmarketing.com.mx\/en\/services\/logo-design\/","og_site_name":"Lead Marketing agencia publicidad","article_publisher":"https:\/\/www.facebook.com\/LeadMarketingMx\/","article_modified_time":"2022-02-08T19:42:17+00:00","og_image":[{"url":"https:\/\/leadmarketing.com.mx\/wp-content\/uploads\/2019\/01\/tarjetas-banner-e1548282234458.png"}],"twitter_card":"summary_large_image","twitter_misc":{"Est. reading time":"2 minutes"},"schema":{"@context":"https:\/\/schema.org","@graph":[{"@type":"WebPage","@id":"https:\/\/leadmarketing.com.mx\/servicios\/diseno-de-logotipo\/","url":"https:\/\/leadmarketing.com.mx\/servicios\/diseno-de-logotipo\/","name":"Dise\u00f1o de logotipo | Lead Marketing agencia publicidad","isPartOf":{"@id":"https:\/\/leadmarketing.com.mx\/#website"},"datePublished":"2021-12-13T19:38:00+00:00","dateModified":"2022-02-08T19:42:17+00:00","breadcrumb":{"@id":"https:\/\/leadmarketing.com.mx\/servicios\/diseno-de-logotipo\/#breadcrumb"},"inLanguage":"en-US","potentialAction":[{"@type":"ReadAction","target":["https:\/\/leadmarketing.com.mx\/servicios\/diseno-de-logotipo\/"]}]},{"@type":"BreadcrumbList","@id":"https:\/\/leadmarketing.com.mx\/servicios\/diseno-de-logotipo\/#breadcrumb","itemListElement":[{"@type":"ListItem","position":1,"name":"Inicio","item":"https:\/\/leadmarketing.com.mx\/"},{"@type":"ListItem","position":2,"name":"Servicios","item":"https:\/\/leadmarketing.com.mx\/servicios\/"},{"@type":"ListItem","position":3,"name":"Dise\u00f1o de logotipo"}]},{"@type":"WebSite","@id":"https:\/\/leadmarketing.com.mx\/#website","url":"https:\/\/leadmarketing.com.mx\/","name":"Lead Marketing agencia publicidad","description":"Agencia de marketing, Noticias en mexico","publisher":{"@id":"https:\/\/leadmarketing.com.mx\/#organization"},"potentialAction":[{"@type":"SearchAction","target":{"@type":"EntryPoint","urlTemplate":"https:\/\/leadmarketing.com.mx\/?s={search_term_string}"},"query-input":"required name=search_term_string"}],"inLanguage":"en-US"},{"@type":"Organization","@id":"https:\/\/leadmarketing.com.mx\/#organization","name":"Lead Marketing","url":"https:\/\/leadmarketing.com.mx\/","logo":{"@type":"ImageObject","inLanguage":"en-US","@id":"https:\/\/leadmarketing.com.mx\/#\/schema\/logo\/image\/","url":"https:\/\/leadmarketing.com.mx\/wp-content\/uploads\/2019\/02\/Logo-1.png","contentUrl":"https:\/\/leadmarketing.com.mx\/wp-content\/uploads\/2019\/02\/Logo-1.png","width":668,"height":373,"caption":"Lead Marketing"},"image":{"@id":"https:\/\/leadmarketing.com.mx\/#\/schema\/logo\/image\/"},"sameAs":["https:\/\/www.facebook.com\/LeadMarketingMx\/","https:\/\/www.instagram.com\/leadmarketingmx\/","https:\/\/www.linkedin.com\/leadmarketingmx"]}]}},"jetpack_sharing_enabled":true,"_links":{"self":[{"href":"https:\/\/leadmarketing.com.mx\/en\/wp-json\/wp\/v2\/pages\/4181","targetHints":{"allow":["GET"]}}],"collection":[{"href":"https:\/\/leadmarketing.com.mx\/en\/wp-json\/wp\/v2\/pages"}],"about":[{"href":"https:\/\/leadmarketing.com.mx\/en\/wp-json\/wp\/v2\/types\/page"}],"author":[{"embeddable":true,"href":"https:\/\/leadmarketing.com.mx\/en\/wp-json\/wp\/v2\/users\/1"}],"replies":[{"embeddable":true,"href":"https:\/\/leadmarketing.com.mx\/en\/wp-json\/wp\/v2\/comments?post=4181"}],"version-history":[{"count":1,"href":"https:\/\/leadmarketing.com.mx\/en\/wp-json\/wp\/v2\/pages\/4181\/revisions"}],"predecessor-version":[{"id":4182,"href":"https:\/\/leadmarketing.com.mx\/en\/wp-json\/wp\/v2\/pages\/4181\/revisions\/4182"}],"up":[{"embeddable":true,"href":"https:\/\/leadmarketing.com.mx\/en\/wp-json\/wp\/v2\/pages\/6351"}],"wp:attachment":[{"href":"https:\/\/leadmarketing.com.mx\/en\/wp-json\/wp\/v2\/media?parent=4181"}],"curies":[{"name":"wp","href":"https:\/\/api.w.org\/{rel}","templated":true}]}}